{"id":1296,"date":"2021-02-25T14:24:32","date_gmt":"2021-02-25T20:24:32","guid":{"rendered":"https:\/\/ativo.vamtam.com\/?page_id=1296"},"modified":"2023-01-09T16:12:57","modified_gmt":"2023-01-09T22:12:57","slug":"horario","status":"publish","type":"page","link":"https:\/\/locurapilates.com\/index.php\/horario\/","title":{"rendered":"Reserva tu clase"},"content":{"rendered":"\t\t<div data-elementor-type=\"wp-page\" data-elementor-id=\"1296\" class=\"elementor elementor-1296\">\n\t\t\t\t\t\t\t\t\t<section class=\"elementor-section elementor-top-section elementor-element elementor-element-4b5a7c6 elementor-section-boxed elementor-section-height-default elementor-section-height-default\" data-id=\"4b5a7c6\" data-element_type=\"section\" data-settings=\"{&quot;background_background&quot;:&quot;classic&quot;}\">\n\t\t\t\t\t\t<div class=\"elementor-container elementor-column-gap-no\">\n\t\t\t\t\t<div class=\"elementor-column elementor-col-100 elementor-top-column elementor-element elementor-element-63955a3\" data-id=\"63955a3\" data-element_type=\"column\">\n\t\t\t<div class=\"elementor-widget-wrap elementor-element-populated\">\n\t\t\t\t\t\t\t\t<div class=\"elementor-element elementor-element-477742d elementor-widget elementor-widget-heading\" data-id=\"477742d\" data-element_type=\"widget\" data-widget_type=\"heading.default\">\n\t\t\t\t<div class=\"elementor-widget-container\">\n\t\t\t<h2 class=\"elementor-heading-title elementor-size-default\">Clases de esta semana<\/h2>\t\t<\/div>\n\t\t\t\t<\/div>\n\t\t\t\t<div class=\"elementor-element elementor-element-2c25316 elementor-hidden-mobile elementor-invisible elementor-widget elementor-widget-text-editor\" data-id=\"2c25316\" data-element_type=\"widget\" data-settings=\"{&quot;_animation&quot;:&quot;fadeIn&quot;,&quot;_animation_tablet&quot;:&quot;none&quot;,&quot;_animation_mobile&quot;:&quot;none&quot;,&quot;_animation_delay&quot;:300}\" data-widget_type=\"text-editor.default\">\n\t\t\t\t<div class=\"elementor-widget-container\">\n\t\t\t\t\t\t\t<p>Hay una clase para todos, ven a buscar la tuya. Dirigidas por incre\u00edbles instructores, ofrecen comunidad, energ\u00eda, motivaci\u00f3n, experiencia y excelentes resultados de acondicionamiento f\u00edsico.<\/p>\t\t\t\t\t\t<\/div>\n\t\t\t\t<\/div>\n\t\t\t\t\t<\/div>\n\t\t<\/div>\n\t\t\t\t\t\t\t<\/div>\n\t\t<\/section>\n\t\t\t\t<section class=\"elementor-section elementor-top-section elementor-element elementor-element-5a7ace2 elementor-section-full_width elementor-section-height-default elementor-section-height-default\" data-id=\"5a7ace2\" data-element_type=\"section\" data-settings=\"{&quot;background_background&quot;:&quot;classic&quot;}\">\n\t\t\t\t\t\t<div class=\"elementor-container elementor-column-gap-default\">\n\t\t\t\t\t<div class=\"elementor-column elementor-col-100 elementor-top-column elementor-element elementor-element-b7346c8\" data-id=\"b7346c8\" data-element_type=\"column\">\n\t\t\t<div class=\"elementor-widget-wrap elementor-element-populated\">\n\t\t\t\t\t\t\t\t<div class=\"elementor-element elementor-element-b5a812f elementor-widget elementor-widget-html\" data-id=\"b5a812f\" data-element_type=\"widget\" data-widget_type=\"html.default\">\n\t\t\t\t<div class=\"elementor-widget-container\">\n\t\t\t<iframe src=\"https:\/\/reservaciones.locurapilates.com\/calendar\" title=\"Calendario\" style=\"width:100%\" height=\"1300\" allow=\"fullscreen\" frameborder=\"0\" scrolling=\"yes\"><\/iframe>\t\t<\/div>\n\t\t\t\t<\/div>\n\t\t\t\t\t<\/div>\n\t\t<\/div>\n\t\t\t\t\t\t\t<\/div>\n\t\t<\/section>\n\t\t\t\t\t\t\t<\/div>\n\t\t","protected":false},"excerpt":{"rendered":"<p>Clases de esta semana Hay una clase para todos, ven a buscar la tuya. Dirigidas por incre\u00edbles instructores, ofrecen comunidad, energ\u00eda, motivaci\u00f3n, experiencia y excelentes resultados de acondicionamiento f\u00edsico.<\/p>\n","protected":false},"author":1,"featured_media":0,"parent":0,"menu_order":0,"comment_status":"closed","ping_status":"closed","template":"","meta":{"footnotes":""},"_links":{"self":[{"href":"https:\/\/locurapilates.com\/index.php\/wp-json\/wp\/v2\/pages\/1296"}],"collection":[{"href":"https:\/\/locurapilates.com\/index.php\/wp-json\/wp\/v2\/pages"}],"about":[{"href":"https:\/\/locurapilates.com\/index.php\/wp-json\/wp\/v2\/types\/page"}],"author":[{"embeddable":true,"href":"https:\/\/locurapilates.com\/index.php\/wp-json\/wp\/v2\/users\/1"}],"replies":[{"embeddable":true,"href":"https:\/\/locurapilates.com\/index.php\/wp-json\/wp\/v2\/comments?post=1296"}],"version-history":[{"count":51,"href":"https:\/\/locurapilates.com\/index.php\/wp-json\/wp\/v2\/pages\/1296\/revisions"}],"predecessor-version":[{"id":988376,"href":"https:\/\/locurapilates.com\/index.php\/wp-json\/wp\/v2\/pages\/1296\/revisions\/988376"}],"wp:attachment":[{"href":"https:\/\/locurapilates.com\/index.php\/wp-json\/wp\/v2\/media?parent=1296"}],"curies":[{"name":"wp","href":"https:\/\/api.w.org\/{rel}","templated":true}]}}